{"id":40808,"date":"2025-08-04T13:18:44","date_gmt":"2025-08-04T17:18:44","guid":{"rendered":"https:\/\/www.corroprotec.com\/?page_id=40808"},"modified":"2026-03-31T09:52:44","modified_gmt":"2026-03-31T13:52:44","slug":"concours-mensuel-merci","status":"publish","type":"page","link":"https:\/\/www.corroprotec.com\/fr\/concours-mensuel-merci\/","title":{"rendered":"Vous \u00eates inscrit(e) ! Maximisez vos chances et partagez avec vos amis"},"content":{"rendered":"<div class=\"o-container-text\">\n<div class=\"wp-block-columns\">\n<div class=\"wp-block-column\" style=\"flex-basis:66.66%\"><div class=\"o-container-text\">\n<h2 class=\"wp-block-heading\" id=\"h-obtenez-3-chances-supplementaires\">Obtenez 3 chances suppl\u00e9mentaires !<\/h2>\n<\/div>\n\n<div class=\"o-container-text\">\n<p><strong>(\u00c9TAPE 3 &#8211; Optionnel)<\/strong> <strong>Publiez une story ou une publication (image ou vid\u00e9o) mettant en vedette notre produit<\/strong>.<\/p>\n<\/div>\n\n<div class=\"o-container-text\">\n<p>Montrez votre nouvelle anode \u00e0 courant impos\u00e9 sur <a href=\"https:\/\/www.instagram.com\/corro.protec\/\" target=\"_blank\" rel=\"noreferrer noopener\"><strong>Instagram<\/strong><\/a>, <a href=\"https:\/\/www.facebook.com\/corroprotec\/\" target=\"_blank\" rel=\"noreferrer noopener\"><strong>Facebook<\/strong><\/a> ou <strong><a href=\"https:\/\/www.linkedin.com\/company\/\" target=\"_blank\" rel=\"noreferrer noopener\">LinkedIn<\/a><\/strong>, identifiez Corro-Protec et <strong>triplez vos chances<\/strong> de gagner ! \ud83d\ude80<\/p>\n<\/div>\n\n<div class=\"o-container-text\">\n<p><strong>Vous n&rsquo;avez pas envie de publier ?<\/strong><\/p>\n<\/div>\n\n<div class=\"o-container-text\">\n<p>Aucun probl\u00e8me! Vous pouvez montrer votre support en nous suivant sur nos r\u00e9seaux sociaux. Chaque nouvel abonn\u00e9 nous aide \u00e9norm\u00e9ment ! Cliquez sur les boutons ci-dessous er rejoignez la communaut\u00e9 Corro-Protec.<\/p>\n<\/div>\n\n<div class=\"o-container-text\">\n<div class=\"wp-block-buttons\"><div class=\"o-container-text\">\n<div class=\"wp-block-button\"><a class=\"wp-block-button__link has-background\" href=\"https:\/\/www.tiktok.com\/@corroprotec\" style=\"background-color:#144435\" target=\"_blank\" rel=\"noreferrer noopener\">TikTok<\/a><\/div>\n<\/div><\/div>\n<\/div>\n\n<div class=\"o-container-text\">\n<div class=\"wp-block-buttons\"><div class=\"o-container-text\">\n<div class=\"wp-block-button\"><a class=\"wp-block-button__link has-background\" href=\"https:\/\/www.youtube.com\/@corro-protec\" style=\"background-color:#144435\" target=\"_blank\" rel=\"noreferrer noopener\">YouTube<\/a><\/div>\n<\/div><\/div>\n<\/div>\n\n<div class=\"o-container-text\">\n<div class=\"wp-block-buttons\"><div class=\"o-container-text\">\n<div class=\"wp-block-button\"><a class=\"wp-block-button__link has-background\" href=\"https:\/\/www.instagram.com\/corro.protec\/\" style=\"background-color:#144435\" target=\"_blank\" rel=\"noreferrer noopener\">Instagram<\/a><\/div>\n<\/div><\/div>\n<\/div>\n\n<div class=\"o-container-text\">\n<p><strong>Quand le gagnant sera-t-il annonc\u00e9 ? \ud83c\udf89<\/strong><\/p>\n<\/div>\n\n<div class=\"o-container-text\">\n<p> Le tirage au sort aura lieu au d\u00e9but du mois prochain. Nous vous contacterons si vous \u00eates l\u2019heureux(se) gagnant(e). \ud83c\udf89 <\/p>\n<\/div>\n\n<div class=\"o-container-text\">\n<p><strong>Bonne chance !<\/strong><\/p>\n<\/div><\/div>\n\n\n\n<div class=\"wp-block-column\" style=\"flex-basis:33.33%\"><\/div>\n<\/div>\n<\/div>","protected":false},"excerpt":{"rendered":"<p>Obtenez 3 chances suppl\u00e9mentaires ! (\u00c9TAPE 3 &#8211; Optionnel) Publiez une story ou une publication (image ou vid\u00e9o) mettant en vedette notre produit. Montrez votre [&hellip;]<\/p>\n","protected":false},"author":4,"featured_media":54277,"parent":0,"menu_order":0,"comment_status":"closed","ping_status":"closed","template":"","meta":{"_acf_changed":false,"_relevanssi_hide_post":"","_relevanssi_hide_content":"","_relevanssi_pin_for_all":"","_relevanssi_pin_keywords":"","_relevanssi_unpin_keywords":"","_relevanssi_related_keywords":"","_relevanssi_related_include_ids":"","_relevanssi_related_exclude_ids":"","_relevanssi_related_no_append":"","_relevanssi_related_not_related":"","_relevanssi_related_posts":"2725,15019,11219,9033,2645,8969","_relevanssi_noindex_reason":"","footnotes":""},"class_list":["post-40808","page","type-page","status-publish","has-post-thumbnail","hentry"],"acf":[],"yoast_head":"<!-- This site is optimized with the Yoast SEO Premium plugin v19.3 (Yoast SEO v19.7) - https:\/\/yoast.com\/wordpress\/plugins\/seo\/ -->\n<title>Vous \u00eates inscrit(e) ! Maximisez vos chances et partagez avec vos amis - Corro-Protec<\/title>\n<meta name=\"robots\" content=\"index, follow, max-snippet:-1, max-image-preview:large, max-video-preview:-1\" \/>\n<link rel=\"canonical\" href=\"https:\/\/www.corroprotec.com\/fr\/concours-mensuel-merci\/\" \/>\n<meta property=\"og:locale\" content=\"fr_FR\" \/>\n<meta property=\"og:type\" content=\"article\" \/>\n<meta property=\"og:title\" content=\"Vous \u00eates inscrit(e) ! Maximisez vos chances et partagez avec vos amis\" \/>\n<meta property=\"og:description\" content=\"Obtenez 3 chances suppl\u00e9mentaires ! (\u00c9TAPE 3 &#8211; Optionnel) Publiez une story ou une publication (image ou vid\u00e9o) mettant en vedette notre produit. Montrez votre [&hellip;]\" \/>\n<meta property=\"og:url\" content=\"https:\/\/www.corroprotec.com\/fr\/concours-mensuel-merci\/\" \/>\n<meta property=\"og:site_name\" content=\"Corro-Protec\" \/>\n<meta property=\"article:publisher\" content=\"https:\/\/www.facebook.com\/corroprotec\/\" \/>\n<meta property=\"article:modified_time\" content=\"2026-03-31T13:52:44+00:00\" \/>\n<meta property=\"og:image\" content=\"https:\/\/www.corroprotec.com\/app\/uploads\/2026\/03\/contest-fr.png\" \/>\n\t<meta property=\"og:image:width\" content=\"1024\" \/>\n\t<meta property=\"og:image:height\" content=\"589\" \/>\n\t<meta property=\"og:image:type\" content=\"image\/png\" \/>\n<meta name=\"twitter:card\" content=\"summary_large_image\" \/>\n<meta name=\"twitter:site\" content=\"@corroprotec\" \/>\n<meta name=\"twitter:label1\" content=\"Est. reading time\" \/>\n\t<meta name=\"twitter:data1\" content=\"1 minute\" \/>\n<script type=\"application\/ld+json\" class=\"yoast-schema-graph\">{\"@context\":\"https:\/\/schema.org\",\"@graph\":[{\"@type\":\"WebPage\",\"@id\":\"https:\/\/www.corroprotec.com\/fr\/concours-mensuel-merci\/\",\"url\":\"https:\/\/www.corroprotec.com\/fr\/concours-mensuel-merci\/\",\"name\":\"Vous \u00eates inscrit(e) ! Maximisez vos chances et partagez avec vos amis - Corro-Protec\",\"isPartOf\":{\"@id\":\"https:\/\/www.corroprotec.com\/fr\/#website\"},\"datePublished\":\"2025-08-04T17:18:44+00:00\",\"dateModified\":\"2026-03-31T13:52:44+00:00\",\"breadcrumb\":{\"@id\":\"https:\/\/www.corroprotec.com\/fr\/concours-mensuel-merci\/#breadcrumb\"},\"inLanguage\":\"fr-FR\",\"potentialAction\":[{\"@type\":\"ReadAction\",\"target\":[\"https:\/\/www.corroprotec.com\/fr\/concours-mensuel-merci\/\"]}]},{\"@type\":\"BreadcrumbList\",\"@id\":\"https:\/\/www.corroprotec.com\/fr\/concours-mensuel-merci\/#breadcrumb\",\"itemListElement\":[{\"@type\":\"ListItem\",\"position\":1,\"name\":\"Home\",\"item\":\"https:\/\/www.corroprotec.com\/fr\/\"},{\"@type\":\"ListItem\",\"position\":2,\"name\":\"Vous \u00eates inscrit(e) ! Maximisez vos chances et partagez avec vos amis\"}]},{\"@type\":\"WebSite\",\"@id\":\"https:\/\/www.corroprotec.com\/fr\/#website\",\"url\":\"https:\/\/www.corroprotec.com\/fr\/\",\"name\":\"Corro-Protec\",\"description\":\"\",\"publisher\":{\"@id\":\"https:\/\/www.corroprotec.com\/fr\/#organization\"},\"potentialAction\":[{\"@type\":\"SearchAction\",\"target\":{\"@type\":\"EntryPoint\",\"urlTemplate\":\"https:\/\/www.corroprotec.com\/fr\/?s={search_term_string}\"},\"query-input\":\"required name=search_term_string\"}],\"inLanguage\":\"fr-FR\"},{\"@type\":\"Organization\",\"@id\":\"https:\/\/www.corroprotec.com\/fr\/#organization\",\"name\":\"Corro-Protec\",\"url\":\"https:\/\/www.corroprotec.com\/fr\/\",\"sameAs\":[\"https:\/\/www.facebook.com\/corroprotec\/\",\"https:\/\/twitter.com\/corroprotec\"],\"logo\":{\"@type\":\"ImageObject\",\"inLanguage\":\"fr-FR\",\"@id\":\"https:\/\/www.corroprotec.com\/fr\/#\/schema\/logo\/image\/\",\"url\":\"https:\/\/www.corroprotec.com\/app\/uploads\/2024\/03\/logo-corro-v-blanc-fond-vert-rgb.png\",\"contentUrl\":\"https:\/\/www.corroprotec.com\/app\/uploads\/2024\/03\/logo-corro-v-blanc-fond-vert-rgb.png\",\"width\":2000,\"height\":1244,\"caption\":\"Corro-Protec\"},\"image\":{\"@id\":\"https:\/\/www.corroprotec.com\/fr\/#\/schema\/logo\/image\/\"}}]}<\/script>\n<!-- \/ Yoast SEO Premium plugin. -->","yoast_head_json":{"title":"Vous \u00eates inscrit(e) ! Maximisez vos chances et partagez avec vos amis - Corro-Protec","robots":{"index":"index","follow":"follow","max-snippet":"max-snippet:-1","max-image-preview":"max-image-preview:large","max-video-preview":"max-video-preview:-1"},"canonical":"https:\/\/www.corroprotec.com\/fr\/concours-mensuel-merci\/","og_locale":"fr_FR","og_type":"article","og_title":"Vous \u00eates inscrit(e) ! Maximisez vos chances et partagez avec vos amis","og_description":"Obtenez 3 chances suppl\u00e9mentaires ! (\u00c9TAPE 3 &#8211; Optionnel) Publiez une story ou une publication (image ou vid\u00e9o) mettant en vedette notre produit. Montrez votre [&hellip;]","og_url":"https:\/\/www.corroprotec.com\/fr\/concours-mensuel-merci\/","og_site_name":"Corro-Protec","article_publisher":"https:\/\/www.facebook.com\/corroprotec\/","article_modified_time":"2026-03-31T13:52:44+00:00","og_image":[{"width":1024,"height":589,"url":"https:\/\/www.corroprotec.com\/app\/uploads\/2026\/03\/contest-fr.png","type":"image\/png"}],"twitter_card":"summary_large_image","twitter_site":"@corroprotec","twitter_misc":{"Est. reading time":"1 minute"},"schema":{"@context":"https:\/\/schema.org","@graph":[{"@type":"WebPage","@id":"https:\/\/www.corroprotec.com\/fr\/concours-mensuel-merci\/","url":"https:\/\/www.corroprotec.com\/fr\/concours-mensuel-merci\/","name":"Vous \u00eates inscrit(e) ! Maximisez vos chances et partagez avec vos amis - Corro-Protec","isPartOf":{"@id":"https:\/\/www.corroprotec.com\/fr\/#website"},"datePublished":"2025-08-04T17:18:44+00:00","dateModified":"2026-03-31T13:52:44+00:00","breadcrumb":{"@id":"https:\/\/www.corroprotec.com\/fr\/concours-mensuel-merci\/#breadcrumb"},"inLanguage":"fr-FR","potentialAction":[{"@type":"ReadAction","target":["https:\/\/www.corroprotec.com\/fr\/concours-mensuel-merci\/"]}]},{"@type":"BreadcrumbList","@id":"https:\/\/www.corroprotec.com\/fr\/concours-mensuel-merci\/#breadcrumb","itemListElement":[{"@type":"ListItem","position":1,"name":"Home","item":"https:\/\/www.corroprotec.com\/fr\/"},{"@type":"ListItem","position":2,"name":"Vous \u00eates inscrit(e) ! Maximisez vos chances et partagez avec vos amis"}]},{"@type":"WebSite","@id":"https:\/\/www.corroprotec.com\/fr\/#website","url":"https:\/\/www.corroprotec.com\/fr\/","name":"Corro-Protec","description":"","publisher":{"@id":"https:\/\/www.corroprotec.com\/fr\/#organization"},"potentialAction":[{"@type":"SearchAction","target":{"@type":"EntryPoint","urlTemplate":"https:\/\/www.corroprotec.com\/fr\/?s={search_term_string}"},"query-input":"required name=search_term_string"}],"inLanguage":"fr-FR"},{"@type":"Organization","@id":"https:\/\/www.corroprotec.com\/fr\/#organization","name":"Corro-Protec","url":"https:\/\/www.corroprotec.com\/fr\/","sameAs":["https:\/\/www.facebook.com\/corroprotec\/","https:\/\/twitter.com\/corroprotec"],"logo":{"@type":"ImageObject","inLanguage":"fr-FR","@id":"https:\/\/www.corroprotec.com\/fr\/#\/schema\/logo\/image\/","url":"https:\/\/www.corroprotec.com\/app\/uploads\/2024\/03\/logo-corro-v-blanc-fond-vert-rgb.png","contentUrl":"https:\/\/www.corroprotec.com\/app\/uploads\/2024\/03\/logo-corro-v-blanc-fond-vert-rgb.png","width":2000,"height":1244,"caption":"Corro-Protec"},"image":{"@id":"https:\/\/www.corroprotec.com\/fr\/#\/schema\/logo\/image\/"}}]}},"_links":{"self":[{"href":"https:\/\/www.corroprotec.com\/fr\/wp-json\/wp\/v2\/pages\/40808","targetHints":{"allow":["GET"]}}],"collection":[{"href":"https:\/\/www.corroprotec.com\/fr\/wp-json\/wp\/v2\/pages"}],"about":[{"href":"https:\/\/www.corroprotec.com\/fr\/wp-json\/wp\/v2\/types\/page"}],"author":[{"embeddable":true,"href":"https:\/\/www.corroprotec.com\/fr\/wp-json\/wp\/v2\/users\/4"}],"replies":[{"embeddable":true,"href":"https:\/\/www.corroprotec.com\/fr\/wp-json\/wp\/v2\/comments?post=40808"}],"version-history":[{"count":10,"href":"https:\/\/www.corroprotec.com\/fr\/wp-json\/wp\/v2\/pages\/40808\/revisions"}],"predecessor-version":[{"id":41479,"href":"https:\/\/www.corroprotec.com\/fr\/wp-json\/wp\/v2\/pages\/40808\/revisions\/41479"}],"wp:featuredmedia":[{"embeddable":true,"href":"https:\/\/www.corroprotec.com\/fr\/wp-json\/wp\/v2\/media\/54277"}],"wp:attachment":[{"href":"https:\/\/www.corroprotec.com\/fr\/wp-json\/wp\/v2\/media?parent=40808"}],"curies":[{"name":"wp","href":"https:\/\/api.w.org\/{rel}","templated":true}]}}