{"id":41504,"date":"2025-08-19T15:56:14","date_gmt":"2025-08-19T19:56:14","guid":{"rendered":"https:\/\/www.corroprotec.com\/?page_id=41504"},"modified":"2025-10-08T10:48:37","modified_gmt":"2025-10-08T14:48:37","slug":"concours-formation-merci","status":"publish","type":"page","link":"https:\/\/www.corroprotec.com\/fr\/concours-formation-merci\/","title":{"rendered":"Vous \u00eates inscrit(e) ! Merci pour votre participation !"},"content":{"rendered":"<div class=\"o-container-text\">\n<div class=\"wp-block-columns\">\n<div class=\"wp-block-column\" style=\"flex-basis:66.66%\"><div class=\"o-container-text\">\n<h2 class=\"wp-block-heading\">Bonne chance !<\/h2>\n<\/div>\n\n<div class=\"o-container-text\">\n<p><strong>Les participant.es qui nous suivent sur <a href=\"https:\/\/www.facebook.com\/corroprotec\" target=\"_blank\" rel=\"noreferrer noopener\">Facebook<\/a> et <a href=\"https:\/\/www.linkedin.com\/company\/corro-protec\/\" target=\"_blank\" rel=\"noreferrer noopener\">LinkedIn<\/a> ont 2 fois plus de chances de gagner.<\/strong><\/p>\n<\/div><\/div>\n\n\n\n<div class=\"wp-block-column\" style=\"flex-basis:33.33%\"><\/div>\n<\/div>\n<\/div>\n\n<div class=\"o-container-text\">\n<div style=\"height:27px\" aria-hidden=\"true\" class=\"wp-block-spacer\"><\/div>\n<\/div>\n\n<div class=\"o-container-text\">\n<div style=\"height:10px\" aria-hidden=\"true\" class=\"wp-block-spacer\"><\/div>\n<\/div>\n\n<div class=\"o-container-text\">\n<div class=\"wp-block-buttons\"><div class=\"o-container-text\">\n<div class=\"wp-block-button\"><a class=\"wp-block-button__link has-background\" href=\"https:\/\/www.facebook.com\/corroprotec\" style=\"background-color:#f5a01b\" target=\"_blank\" rel=\"noreferrer noopener\">Suivez-nous sur Facebook<\/a><\/div>\n<\/div><\/div>\n<\/div>\n\n<div class=\"o-container-text\">\n<div class=\"wp-block-buttons\"><div class=\"o-container-text\">\n<div class=\"wp-block-button\"><a class=\"wp-block-button__link has-background\" href=\"https:\/\/www.linkedin.com\/company\/corro-protec\/\" style=\"background-color:#f5a01b\" target=\"_blank\" rel=\"noreferrer noopener\">Suivez-nous sur LinkedIn<\/a><\/div>\n<\/div><\/div>\n<\/div>\n\n<div class=\"o-container-text\">\n<div class=\"wp-block-columns\">\n<div class=\"wp-block-column\" style=\"flex-basis:66.66%\"><div class=\"o-container-text\">\n<h2 class=\"wp-block-heading\" id=\"h-faq\">FAQ<\/h2>\n<\/div>\n\n\n<div class=\"schema-faq wp-block-yoast-faq-block\"><div class=\"schema-faq-section\" id=\"faq-question-1759869696652\"><strong class=\"schema-faq-question\">Quand le gagnant sera-t-il annonc\u00e9 ?<\/strong> <p class=\"schema-faq-answer\">Le gagnant du concours sera tir\u00e9 au sort au d\u00e9but du mois prochain. Nous vous contacterons si vous \u00eates l\u2019heureux \u00e9lu !<\/p> <\/div> <div class=\"schema-faq-section\" id=\"faq-question-1759869721963\"><strong class=\"schema-faq-question\">Comment le gagnant sera-t-il choisi ?<\/strong> <p class=\"schema-faq-answer\">Les gagnants sont s\u00e9lectionn\u00e9s au hasard parmi la liste des participants. Cependant, ceux qui nous suivent sur nos plateformes de m\u00e9dias sociaux ont beaucoup plus de chances de gagner. Tous les gagnants des concours mensuels pr\u00e9c\u00e9dents \u00e9taient des abonn\u00e9s. Assurez-vous donc de nous suivre pour augmenter vos chances !<\/p> <\/div> <div class=\"schema-faq-section\" id=\"faq-question-1759869754219\"><strong class=\"schema-faq-question\">Que se passe-t-il si je ne r\u00e9clame pas mon prix ?<\/strong> <p class=\"schema-faq-answer\">Si le gagnant ne r\u00e9pond pas dans les 48 heures, un nouveau gagnant pourra \u00eatre s\u00e9lectionn\u00e9. Assurez-vous donc de r\u00e9pondre rapidement si vous gagnez !<\/p> <\/div> <div class=\"schema-faq-section\" id=\"faq-question-1759869767748\"><strong class=\"schema-faq-question\">O\u00f9 puis-je lire les r\u00e8gles compl\u00e8tes du concours ?<\/strong> <p class=\"schema-faq-answer\">Vous trouverez les conditions g\u00e9n\u00e9rales compl\u00e8tes dans votre courriel de confirmation.<\/p> <\/div> <\/div>\n<\/div>\n\n\n\n<div class=\"wp-block-column\" style=\"flex-basis:33.33%\"><\/div>\n<\/div>\n<\/div>","protected":false},"excerpt":{"rendered":"<p>Bonne chance ! Les participant.es qui nous suivent sur Facebook et LinkedIn ont 2 fois plus de chances de gagner. FAQ<\/p>\n","protected":false},"author":15,"featured_media":40775,"parent":0,"menu_order":0,"comment_status":"closed","ping_status":"closed","template":"","meta":{"_acf_changed":false,"_relevanssi_hide_post":"","_relevanssi_hide_content":"","_relevanssi_pin_for_all":"","_relevanssi_pin_keywords":"","_relevanssi_unpin_keywords":"","_relevanssi_related_keywords":"","_relevanssi_related_include_ids":"","_relevanssi_related_exclude_ids":"","_relevanssi_related_no_append":"","_relevanssi_related_not_related":"","_relevanssi_related_posts":"10095,2556,15772,2519,2733,38695","_relevanssi_noindex_reason":"","footnotes":""},"class_list":["post-41504","page","type-page","status-publish","has-post-thumbnail","hentry"],"acf":[],"yoast_head":"<!-- This site is optimized with the Yoast SEO Premium plugin v19.3 (Yoast SEO v19.7) - https:\/\/yoast.com\/wordpress\/plugins\/seo\/ -->\n<title>Vous \u00eates inscrit(e) ! Merci pour votre participation ! - Corro-Protec<\/title>\n<meta name=\"robots\" content=\"index, follow, max-snippet:-1, max-image-preview:large, max-video-preview:-1\" \/>\n<link rel=\"canonical\" href=\"https:\/\/www.corroprotec.com\/fr\/concours-formation-merci\/\" \/>\n<meta property=\"og:locale\" content=\"fr_FR\" \/>\n<meta property=\"og:type\" content=\"article\" \/>\n<meta property=\"og:title\" content=\"Vous \u00eates inscrit(e) ! Merci pour votre participation !\" \/>\n<meta property=\"og:description\" content=\"Bonne chance ! Les participant.es qui nous suivent sur Facebook et LinkedIn ont 2 fois plus de chances de gagner. FAQ\" \/>\n<meta property=\"og:url\" content=\"https:\/\/www.corroprotec.com\/fr\/concours-formation-merci\/\" \/>\n<meta property=\"og:site_name\" content=\"Corro-Protec\" \/>\n<meta property=\"article:publisher\" content=\"https:\/\/www.facebook.com\/corroprotec\/\" \/>\n<meta property=\"article:modified_time\" content=\"2025-10-08T14:48:37+00:00\" \/>\n<meta property=\"og:image\" content=\"https:\/\/www.corroprotec.com\/app\/uploads\/2025\/08\/monthly-contest-fr.png\" \/>\n\t<meta property=\"og:image:width\" content=\"1024\" \/>\n\t<meta property=\"og:image:height\" content=\"589\" \/>\n\t<meta property=\"og:image:type\" content=\"image\/png\" \/>\n<meta name=\"twitter:card\" content=\"summary_large_image\" \/>\n<meta name=\"twitter:site\" content=\"@corroprotec\" \/>\n<meta name=\"twitter:label1\" content=\"Est. reading time\" \/>\n\t<meta name=\"twitter:data1\" content=\"1 minute\" \/>\n<script type=\"application\/ld+json\" class=\"yoast-schema-graph\">{\"@context\":\"https:\/\/schema.org\",\"@graph\":[{\"@type\":[\"WebPage\",\"FAQPage\"],\"@id\":\"https:\/\/www.corroprotec.com\/fr\/concours-formation-merci\/\",\"url\":\"https:\/\/www.corroprotec.com\/fr\/concours-formation-merci\/\",\"name\":\"Vous \u00eates inscrit(e) ! Merci pour votre participation ! - Corro-Protec\",\"isPartOf\":{\"@id\":\"https:\/\/www.corroprotec.com\/fr\/#website\"},\"datePublished\":\"2025-08-19T19:56:14+00:00\",\"dateModified\":\"2025-10-08T14:48:37+00:00\",\"breadcrumb\":{\"@id\":\"https:\/\/www.corroprotec.com\/fr\/concours-formation-merci\/#breadcrumb\"},\"mainEntity\":[{\"@id\":\"https:\/\/www.corroprotec.com\/fr\/concours-formation-merci\/#faq-question-1759869696652\"},{\"@id\":\"https:\/\/www.corroprotec.com\/fr\/concours-formation-merci\/#faq-question-1759869721963\"},{\"@id\":\"https:\/\/www.corroprotec.com\/fr\/concours-formation-merci\/#faq-question-1759869754219\"},{\"@id\":\"https:\/\/www.corroprotec.com\/fr\/concours-formation-merci\/#faq-question-1759869767748\"}],\"inLanguage\":\"fr-FR\",\"potentialAction\":[{\"@type\":\"ReadAction\",\"target\":[\"https:\/\/www.corroprotec.com\/fr\/concours-formation-merci\/\"]}]},{\"@type\":\"BreadcrumbList\",\"@id\":\"https:\/\/www.corroprotec.com\/fr\/concours-formation-merci\/#breadcrumb\",\"itemListElement\":[{\"@type\":\"ListItem\",\"position\":1,\"name\":\"Home\",\"item\":\"https:\/\/www.corroprotec.com\/fr\/\"},{\"@type\":\"ListItem\",\"position\":2,\"name\":\"Vous \u00eates inscrit(e) ! Merci pour votre participation !\"}]},{\"@type\":\"WebSite\",\"@id\":\"https:\/\/www.corroprotec.com\/fr\/#website\",\"url\":\"https:\/\/www.corroprotec.com\/fr\/\",\"name\":\"Corro-Protec\",\"description\":\"\",\"publisher\":{\"@id\":\"https:\/\/www.corroprotec.com\/fr\/#organization\"},\"potentialAction\":[{\"@type\":\"SearchAction\",\"target\":{\"@type\":\"EntryPoint\",\"urlTemplate\":\"https:\/\/www.corroprotec.com\/fr\/?s={search_term_string}\"},\"query-input\":\"required name=search_term_string\"}],\"inLanguage\":\"fr-FR\"},{\"@type\":\"Organization\",\"@id\":\"https:\/\/www.corroprotec.com\/fr\/#organization\",\"name\":\"Corro-Protec\",\"url\":\"https:\/\/www.corroprotec.com\/fr\/\",\"sameAs\":[\"https:\/\/www.facebook.com\/corroprotec\/\",\"https:\/\/twitter.com\/corroprotec\"],\"logo\":{\"@type\":\"ImageObject\",\"inLanguage\":\"fr-FR\",\"@id\":\"https:\/\/www.corroprotec.com\/fr\/#\/schema\/logo\/image\/\",\"url\":\"https:\/\/www.corroprotec.com\/app\/uploads\/2024\/03\/logo-corro-v-blanc-fond-vert-rgb.png\",\"contentUrl\":\"https:\/\/www.corroprotec.com\/app\/uploads\/2024\/03\/logo-corro-v-blanc-fond-vert-rgb.png\",\"width\":2000,\"height\":1244,\"caption\":\"Corro-Protec\"},\"image\":{\"@id\":\"https:\/\/www.corroprotec.com\/fr\/#\/schema\/logo\/image\/\"}},{\"@type\":\"Question\",\"@id\":\"https:\/\/www.corroprotec.com\/fr\/concours-formation-merci\/#faq-question-1759869696652\",\"position\":1,\"url\":\"https:\/\/www.corroprotec.com\/fr\/concours-formation-merci\/#faq-question-1759869696652\",\"name\":\"Quand le gagnant sera-t-il annonc\u00e9 ?\",\"answerCount\":1,\"acceptedAnswer\":{\"@type\":\"Answer\",\"text\":\"Le gagnant du concours sera tir\u00e9 au sort au d\u00e9but du mois prochain. Nous vous contacterons si vous \u00eates l\u2019heureux \u00e9lu !\",\"inLanguage\":\"fr-FR\"},\"inLanguage\":\"fr-FR\"},{\"@type\":\"Question\",\"@id\":\"https:\/\/www.corroprotec.com\/fr\/concours-formation-merci\/#faq-question-1759869721963\",\"position\":2,\"url\":\"https:\/\/www.corroprotec.com\/fr\/concours-formation-merci\/#faq-question-1759869721963\",\"name\":\"Comment le gagnant sera-t-il choisi ?\",\"answerCount\":1,\"acceptedAnswer\":{\"@type\":\"Answer\",\"text\":\"Les gagnants sont s\u00e9lectionn\u00e9s au hasard parmi la liste des participants. Cependant, ceux qui nous suivent sur nos plateformes de m\u00e9dias sociaux ont beaucoup plus de chances de gagner. Tous les gagnants des concours mensuels pr\u00e9c\u00e9dents \u00e9taient des abonn\u00e9s. Assurez-vous donc de nous suivre pour augmenter vos chances !\",\"inLanguage\":\"fr-FR\"},\"inLanguage\":\"fr-FR\"},{\"@type\":\"Question\",\"@id\":\"https:\/\/www.corroprotec.com\/fr\/concours-formation-merci\/#faq-question-1759869754219\",\"position\":3,\"url\":\"https:\/\/www.corroprotec.com\/fr\/concours-formation-merci\/#faq-question-1759869754219\",\"name\":\"Que se passe-t-il si je ne r\u00e9clame pas mon prix ?\",\"answerCount\":1,\"acceptedAnswer\":{\"@type\":\"Answer\",\"text\":\"Si le gagnant ne r\u00e9pond pas dans les 48 heures, un nouveau gagnant pourra \u00eatre s\u00e9lectionn\u00e9. Assurez-vous donc de r\u00e9pondre rapidement si vous gagnez !\",\"inLanguage\":\"fr-FR\"},\"inLanguage\":\"fr-FR\"},{\"@type\":\"Question\",\"@id\":\"https:\/\/www.corroprotec.com\/fr\/concours-formation-merci\/#faq-question-1759869767748\",\"position\":4,\"url\":\"https:\/\/www.corroprotec.com\/fr\/concours-formation-merci\/#faq-question-1759869767748\",\"name\":\"O\u00f9 puis-je lire les r\u00e8gles compl\u00e8tes du concours ?\",\"answerCount\":1,\"acceptedAnswer\":{\"@type\":\"Answer\",\"text\":\"Vous trouverez les conditions g\u00e9n\u00e9rales compl\u00e8tes dans votre courriel de confirmation.\",\"inLanguage\":\"fr-FR\"},\"inLanguage\":\"fr-FR\"}]}<\/script>\n<!-- \/ Yoast SEO Premium plugin. -->","yoast_head_json":{"title":"Vous \u00eates inscrit(e) ! Merci pour votre participation ! - Corro-Protec","robots":{"index":"index","follow":"follow","max-snippet":"max-snippet:-1","max-image-preview":"max-image-preview:large","max-video-preview":"max-video-preview:-1"},"canonical":"https:\/\/www.corroprotec.com\/fr\/concours-formation-merci\/","og_locale":"fr_FR","og_type":"article","og_title":"Vous \u00eates inscrit(e) ! Merci pour votre participation !","og_description":"Bonne chance ! Les participant.es qui nous suivent sur Facebook et LinkedIn ont 2 fois plus de chances de gagner. FAQ","og_url":"https:\/\/www.corroprotec.com\/fr\/concours-formation-merci\/","og_site_name":"Corro-Protec","article_publisher":"https:\/\/www.facebook.com\/corroprotec\/","article_modified_time":"2025-10-08T14:48:37+00:00","og_image":[{"width":1024,"height":589,"url":"https:\/\/www.corroprotec.com\/app\/uploads\/2025\/08\/monthly-contest-fr.png","type":"image\/png"}],"twitter_card":"summary_large_image","twitter_site":"@corroprotec","twitter_misc":{"Est. reading time":"1 minute"},"schema":{"@context":"https:\/\/schema.org","@graph":[{"@type":["WebPage","FAQPage"],"@id":"https:\/\/www.corroprotec.com\/fr\/concours-formation-merci\/","url":"https:\/\/www.corroprotec.com\/fr\/concours-formation-merci\/","name":"Vous \u00eates inscrit(e) ! Merci pour votre participation ! - Corro-Protec","isPartOf":{"@id":"https:\/\/www.corroprotec.com\/fr\/#website"},"datePublished":"2025-08-19T19:56:14+00:00","dateModified":"2025-10-08T14:48:37+00:00","breadcrumb":{"@id":"https:\/\/www.corroprotec.com\/fr\/concours-formation-merci\/#breadcrumb"},"mainEntity":[{"@id":"https:\/\/www.corroprotec.com\/fr\/concours-formation-merci\/#faq-question-1759869696652"},{"@id":"https:\/\/www.corroprotec.com\/fr\/concours-formation-merci\/#faq-question-1759869721963"},{"@id":"https:\/\/www.corroprotec.com\/fr\/concours-formation-merci\/#faq-question-1759869754219"},{"@id":"https:\/\/www.corroprotec.com\/fr\/concours-formation-merci\/#faq-question-1759869767748"}],"inLanguage":"fr-FR","potentialAction":[{"@type":"ReadAction","target":["https:\/\/www.corroprotec.com\/fr\/concours-formation-merci\/"]}]},{"@type":"BreadcrumbList","@id":"https:\/\/www.corroprotec.com\/fr\/concours-formation-merci\/#breadcrumb","itemListElement":[{"@type":"ListItem","position":1,"name":"Home","item":"https:\/\/www.corroprotec.com\/fr\/"},{"@type":"ListItem","position":2,"name":"Vous \u00eates inscrit(e) ! Merci pour votre participation !"}]},{"@type":"WebSite","@id":"https:\/\/www.corroprotec.com\/fr\/#website","url":"https:\/\/www.corroprotec.com\/fr\/","name":"Corro-Protec","description":"","publisher":{"@id":"https:\/\/www.corroprotec.com\/fr\/#organization"},"potentialAction":[{"@type":"SearchAction","target":{"@type":"EntryPoint","urlTemplate":"https:\/\/www.corroprotec.com\/fr\/?s={search_term_string}"},"query-input":"required name=search_term_string"}],"inLanguage":"fr-FR"},{"@type":"Organization","@id":"https:\/\/www.corroprotec.com\/fr\/#organization","name":"Corro-Protec","url":"https:\/\/www.corroprotec.com\/fr\/","sameAs":["https:\/\/www.facebook.com\/corroprotec\/","https:\/\/twitter.com\/corroprotec"],"logo":{"@type":"ImageObject","inLanguage":"fr-FR","@id":"https:\/\/www.corroprotec.com\/fr\/#\/schema\/logo\/image\/","url":"https:\/\/www.corroprotec.com\/app\/uploads\/2024\/03\/logo-corro-v-blanc-fond-vert-rgb.png","contentUrl":"https:\/\/www.corroprotec.com\/app\/uploads\/2024\/03\/logo-corro-v-blanc-fond-vert-rgb.png","width":2000,"height":1244,"caption":"Corro-Protec"},"image":{"@id":"https:\/\/www.corroprotec.com\/fr\/#\/schema\/logo\/image\/"}},{"@type":"Question","@id":"https:\/\/www.corroprotec.com\/fr\/concours-formation-merci\/#faq-question-1759869696652","position":1,"url":"https:\/\/www.corroprotec.com\/fr\/concours-formation-merci\/#faq-question-1759869696652","name":"Quand le gagnant sera-t-il annonc\u00e9 ?","answerCount":1,"acceptedAnswer":{"@type":"Answer","text":"Le gagnant du concours sera tir\u00e9 au sort au d\u00e9but du mois prochain. Nous vous contacterons si vous \u00eates l\u2019heureux \u00e9lu !","inLanguage":"fr-FR"},"inLanguage":"fr-FR"},{"@type":"Question","@id":"https:\/\/www.corroprotec.com\/fr\/concours-formation-merci\/#faq-question-1759869721963","position":2,"url":"https:\/\/www.corroprotec.com\/fr\/concours-formation-merci\/#faq-question-1759869721963","name":"Comment le gagnant sera-t-il choisi ?","answerCount":1,"acceptedAnswer":{"@type":"Answer","text":"Les gagnants sont s\u00e9lectionn\u00e9s au hasard parmi la liste des participants. Cependant, ceux qui nous suivent sur nos plateformes de m\u00e9dias sociaux ont beaucoup plus de chances de gagner. Tous les gagnants des concours mensuels pr\u00e9c\u00e9dents \u00e9taient des abonn\u00e9s. Assurez-vous donc de nous suivre pour augmenter vos chances !","inLanguage":"fr-FR"},"inLanguage":"fr-FR"},{"@type":"Question","@id":"https:\/\/www.corroprotec.com\/fr\/concours-formation-merci\/#faq-question-1759869754219","position":3,"url":"https:\/\/www.corroprotec.com\/fr\/concours-formation-merci\/#faq-question-1759869754219","name":"Que se passe-t-il si je ne r\u00e9clame pas mon prix ?","answerCount":1,"acceptedAnswer":{"@type":"Answer","text":"Si le gagnant ne r\u00e9pond pas dans les 48 heures, un nouveau gagnant pourra \u00eatre s\u00e9lectionn\u00e9. Assurez-vous donc de r\u00e9pondre rapidement si vous gagnez !","inLanguage":"fr-FR"},"inLanguage":"fr-FR"},{"@type":"Question","@id":"https:\/\/www.corroprotec.com\/fr\/concours-formation-merci\/#faq-question-1759869767748","position":4,"url":"https:\/\/www.corroprotec.com\/fr\/concours-formation-merci\/#faq-question-1759869767748","name":"O\u00f9 puis-je lire les r\u00e8gles compl\u00e8tes du concours ?","answerCount":1,"acceptedAnswer":{"@type":"Answer","text":"Vous trouverez les conditions g\u00e9n\u00e9rales compl\u00e8tes dans votre courriel de confirmation.","inLanguage":"fr-FR"},"inLanguage":"fr-FR"}]}},"_links":{"self":[{"href":"https:\/\/www.corroprotec.com\/fr\/wp-json\/wp\/v2\/pages\/41504","targetHints":{"allow":["GET"]}}],"collection":[{"href":"https:\/\/www.corroprotec.com\/fr\/wp-json\/wp\/v2\/pages"}],"about":[{"href":"https:\/\/www.corroprotec.com\/fr\/wp-json\/wp\/v2\/types\/page"}],"author":[{"embeddable":true,"href":"https:\/\/www.corroprotec.com\/fr\/wp-json\/wp\/v2\/users\/15"}],"replies":[{"embeddable":true,"href":"https:\/\/www.corroprotec.com\/fr\/wp-json\/wp\/v2\/comments?post=41504"}],"version-history":[{"count":14,"href":"https:\/\/www.corroprotec.com\/fr\/wp-json\/wp\/v2\/pages\/41504\/revisions"}],"predecessor-version":[{"id":43711,"href":"https:\/\/www.corroprotec.com\/fr\/wp-json\/wp\/v2\/pages\/41504\/revisions\/43711"}],"wp:featuredmedia":[{"embeddable":true,"href":"https:\/\/www.corroprotec.com\/fr\/wp-json\/wp\/v2\/media\/40775"}],"wp:attachment":[{"href":"https:\/\/www.corroprotec.com\/fr\/wp-json\/wp\/v2\/media?parent=41504"}],"curies":[{"name":"wp","href":"https:\/\/api.w.org\/{rel}","templated":true}]}}