{"id":43697,"date":"2025-10-08T09:12:46","date_gmt":"2025-10-08T13:12:46","guid":{"rendered":"https:\/\/www.corroprotec.com\/?page_id=43697"},"modified":"2026-04-01T09:50:00","modified_gmt":"2026-04-01T13:50:00","slug":"formation-termes-conditions-concours","status":"publish","type":"page","link":"https:\/\/www.corroprotec.com\/fr\/formation-termes-conditions-concours\/","title":{"rendered":"Termes &#038; conditions: Gagnez une anode \u00e0 courant impos\u00e9 ou une carte cadeau Amazon !"},"content":{"rendered":"<div class=\"o-container-text\">\n<div class=\"wp-block-columns\">\n<div class=\"wp-block-column\" style=\"flex-basis:66.66%\"><div class=\"o-container-text\">\n<h2 class=\"wp-block-heading\" id=\"h-1-admissibilite\">1. Admissibilit\u00e9<\/h2>\n<\/div>\n\n<div class=\"o-container-text\">\n<p>Ce concours est ouvert aux r\u00e9sidents l\u00e9gaux du Canada et des \u00c9tats-Unis \u00e2g\u00e9s de 18 ans ou plus au moment de leur participation. Les employ\u00e9s de Corro-Protec ainsi que les membres de leur famille imm\u00e9diate ou les personnes vivant sous le m\u00eame toit ne sont pas admissibles.<\/p>\n<\/div>\n\n<div class=\"o-container-text\">\n<h2 class=\"wp-block-heading\" id=\"h-2-comment-participer\">2. Comment participer<\/h2>\n<\/div>\n\n<div class=\"o-container-text\">\n<p>Aucun achat requis. Pour participer, remplissez le formulaire de concours disponible \u00e0 l\u2019adresse [www.corroprotec.com\/formation-concours] pendant la p\u00e9riode du concours. Une seule participation par personne est permise. Les participations en double ou incompl\u00e8tes seront disqualifi\u00e9es.<\/p>\n<\/div>\n\n<div class=\"o-container-text\">\n<h2 class=\"wp-block-heading\" id=\"h-3-duree-du-concours\">3. Dur\u00e9e du concours<\/h2>\n<\/div>\n\n<div class=\"o-container-text\">\n<p>Le concours d\u00e9bute le premier jour de chaque trimestre \u00e0 00 h 01 (HE) et se termine le dernier jour du trimestre \u00e0 23 h 59 (HE). Les participations soumises apr\u00e8s la date limite ne seront pas prises en compte.<\/p>\n<\/div>\n\n<div class=\"o-container-text\">\n<h2 class=\"wp-block-heading\">4. Prix<\/h2>\n<\/div>\n\n<div class=\"o-container-text\">\n<p>Le gagnant recevra une (1) anode \u00e0 courant impos\u00e9 Corro-Protec (le mod\u00e8le peut varier selon la disponibilit\u00e9 ou la compatibilit\u00e9 avec le chauffe-eau du gagnant) ou une carte cadeau Amazon de 75$.<\/p>\n<\/div>\n\n<div class=\"o-container-text\">\n<p>Le prix ne peut \u00eatre \u00e9chang\u00e9 contre de l\u2019argent, du cr\u00e9dit ou une autre alternative.<\/p>\n<\/div>\n\n<div class=\"o-container-text\">\n<p>Le prix n\u2019est ni transf\u00e9rable ni remboursable.<\/p>\n<\/div>\n\n<div class=\"o-container-text\">\n<p>Aucune substitution ne sera permise, sauf par Corro-Protec, qui se r\u00e9serve le droit de remplacer le prix par un autre de valeur \u00e9gale ou sup\u00e9rieure.<\/p>\n<\/div>\n\n<div class=\"o-container-text\">\n<h2 class=\"wp-block-heading\">5. S\u00e9lection du gagnant<\/h2>\n<\/div>\n\n<div class=\"o-container-text\">\n<p>Corro-Protec se r\u00e9serve le droit d\u2019annuler, de suspendre ou de modifier le concours en cas de fraude, de panne technique ou de toute autre circonstance ind\u00e9pendante de sa volont\u00e9 affectant l\u2019int\u00e9grit\u00e9 du concours.<\/p>\n<\/div>\n\n<div class=\"o-container-text\">\n<p>En participant, les candidats acceptent les pr\u00e9sentes conditions et consentent \u00e0 l\u2019utilisation de leur nom et image \u00e0 des fins promotionnelles sans compensation suppl\u00e9mentaire, sauf si interdit par la loi.<\/p>\n<\/div>\n\n<div class=\"o-container-text\">\n<p>Les conditions g\u00e9n\u00e9rales compl\u00e8tes sont disponibles \u00e0 l\u2019adresse : https:\/\/www.corroprotec.com\/terms-and-conditions. <\/p>\n<\/div>\n\n<div class=\"o-container-text\">\n<h2 class=\"wp-block-heading\" id=\"h-6-conditions-generales\">6. Conditions g\u00e9n\u00e9rales<\/h2>\n<\/div>\n\n<div class=\"o-container-text\">\n<p>Corro-Protec se r\u00e9serve le droit d\u2019annuler, de suspendre ou de modifier le concours en cas de fraude, de panne technique ou de toute autre circonstance ind\u00e9pendante de sa volont\u00e9 affectant l\u2019int\u00e9grit\u00e9 du concours.<\/p>\n<\/div>\n\n<div class=\"o-container-text\">\n<h2 class=\"wp-block-heading\" id=\"h-7-confidentialite\">7. Confidentialit\u00e9<\/h2>\n<\/div>\n\n<div class=\"o-container-text\">\n<p>Toute information personnelle recueillie sera utilis\u00e9e exclusivement pour l\u2019administration du concours, conform\u00e9ment \u00e0 la politique de confidentialit\u00e9 de Corro-Protec.<\/p>\n<\/div>\n\n<div class=\"o-container-text\">\n<h2 class=\"wp-block-heading\" id=\"h-8-limitation-de-responsabilite\">8. Limitation de responsabilit\u00e9<\/h2>\n<\/div>\n\n<div class=\"o-container-text\">\n<p>Corro-Protec ne peut \u00eatre tenu responsable de tout dommage direct, indirect ou cons\u00e9cutif d\u00e9coulant de la participation au concours ou de l\u2019acceptation ou de l\u2019utilisation du prix.<\/p>\n<\/div>\n\n<div class=\"o-container-text\">\n<h2 class=\"wp-block-heading\" id=\"h-9-commanditaire\">9. Commanditaire<\/h2>\n<\/div>\n\n<div class=\"o-container-text\">\n<p>Ce concours est organis\u00e9 et commandit\u00e9 par :<br>Corro-Protec<br>40 Boulevard Industriel<br>Princeville<\/p>\n<\/div><\/div>\n\n\n\n<div class=\"wp-block-column\" style=\"flex-basis:33.33%\"><\/div>\n<\/div>\n<\/div>","protected":false},"excerpt":{"rendered":"<p>1. Admissibilit\u00e9 Ce concours est ouvert aux r\u00e9sidents l\u00e9gaux du Canada et des \u00c9tats-Unis \u00e2g\u00e9s de 18 ans ou plus au moment de leur participation. [&hellip;]<\/p>\n","protected":false},"author":4,"featured_media":0,"parent":0,"menu_order":0,"comment_status":"closed","ping_status":"closed","template":"","meta":{"_acf_changed":false,"_relevanssi_hide_post":"","_relevanssi_hide_content":"","_relevanssi_pin_for_all":"","_relevanssi_pin_keywords":"","_relevanssi_unpin_keywords":"","_relevanssi_related_keywords":"","_relevanssi_related_include_ids":"","_relevanssi_related_exclude_ids":"","_relevanssi_related_no_append":"","_relevanssi_related_not_related":"","_relevanssi_related_posts":"15772,40830,15097,12329,2556,2670","_relevanssi_noindex_reason":"","footnotes":""},"class_list":["post-43697","page","type-page","status-publish","hentry"],"acf":[],"yoast_head":"<!-- This site is optimized with the Yoast SEO Premium plugin v19.3 (Yoast SEO v19.7) - https:\/\/yoast.com\/wordpress\/plugins\/seo\/ -->\n<title>Termes &amp; conditions: Gagnez une anode \u00e0 courant impos\u00e9 ou une carte cadeau Amazon ! - Corro-Protec<\/title>\n<meta name=\"robots\" content=\"index, follow, max-snippet:-1, max-image-preview:large, max-video-preview:-1\" \/>\n<link rel=\"canonical\" href=\"https:\/\/www.corroprotec.com\/fr\/formation-termes-conditions-concours\/\" \/>\n<meta property=\"og:locale\" content=\"fr_FR\" \/>\n<meta property=\"og:type\" content=\"article\" \/>\n<meta property=\"og:title\" content=\"Termes &amp; conditions: Gagnez une anode \u00e0 courant impos\u00e9 ou une carte cadeau Amazon !\" \/>\n<meta property=\"og:description\" content=\"1. Admissibilit\u00e9 Ce concours est ouvert aux r\u00e9sidents l\u00e9gaux du Canada et des \u00c9tats-Unis \u00e2g\u00e9s de 18 ans ou plus au moment de leur participation. [&hellip;]\" \/>\n<meta property=\"og:url\" content=\"https:\/\/www.corroprotec.com\/fr\/formation-termes-conditions-concours\/\" \/>\n<meta property=\"og:site_name\" content=\"Corro-Protec\" \/>\n<meta property=\"article:publisher\" content=\"https:\/\/www.facebook.com\/corroprotec\/\" \/>\n<meta property=\"article:modified_time\" content=\"2026-04-01T13:50:00+00:00\" \/>\n<meta property=\"og:image\" content=\"https:\/\/www.corroprotec.com\/app\/uploads\/2022\/09\/og-en-min.jpg\" \/>\n\t<meta property=\"og:image:width\" content=\"1200\" \/>\n\t<meta property=\"og:image:height\" content=\"630\" \/>\n\t<meta property=\"og:image:type\" content=\"image\/jpeg\" \/>\n<meta name=\"twitter:card\" content=\"summary_large_image\" \/>\n<meta name=\"twitter:site\" content=\"@corroprotec\" \/>\n<meta name=\"twitter:label1\" content=\"Est. reading time\" \/>\n\t<meta name=\"twitter:data1\" content=\"2 minutes\" \/>\n<script type=\"application\/ld+json\" class=\"yoast-schema-graph\">{\"@context\":\"https:\/\/schema.org\",\"@graph\":[{\"@type\":\"WebPage\",\"@id\":\"https:\/\/www.corroprotec.com\/fr\/formation-termes-conditions-concours\/\",\"url\":\"https:\/\/www.corroprotec.com\/fr\/formation-termes-conditions-concours\/\",\"name\":\"Termes & conditions: Gagnez une anode \u00e0 courant impos\u00e9 ou une carte cadeau Amazon ! - Corro-Protec\",\"isPartOf\":{\"@id\":\"https:\/\/www.corroprotec.com\/fr\/#website\"},\"datePublished\":\"2025-10-08T13:12:46+00:00\",\"dateModified\":\"2026-04-01T13:50:00+00:00\",\"breadcrumb\":{\"@id\":\"https:\/\/www.corroprotec.com\/fr\/formation-termes-conditions-concours\/#breadcrumb\"},\"inLanguage\":\"fr-FR\",\"potentialAction\":[{\"@type\":\"ReadAction\",\"target\":[\"https:\/\/www.corroprotec.com\/fr\/formation-termes-conditions-concours\/\"]}]},{\"@type\":\"BreadcrumbList\",\"@id\":\"https:\/\/www.corroprotec.com\/fr\/formation-termes-conditions-concours\/#breadcrumb\",\"itemListElement\":[{\"@type\":\"ListItem\",\"position\":1,\"name\":\"Home\",\"item\":\"https:\/\/www.corroprotec.com\/fr\/\"},{\"@type\":\"ListItem\",\"position\":2,\"name\":\"Termes &#038; conditions: Gagnez une anode \u00e0 courant impos\u00e9 ou une carte cadeau Amazon !\"}]},{\"@type\":\"WebSite\",\"@id\":\"https:\/\/www.corroprotec.com\/fr\/#website\",\"url\":\"https:\/\/www.corroprotec.com\/fr\/\",\"name\":\"Corro-Protec\",\"description\":\"\",\"publisher\":{\"@id\":\"https:\/\/www.corroprotec.com\/fr\/#organization\"},\"potentialAction\":[{\"@type\":\"SearchAction\",\"target\":{\"@type\":\"EntryPoint\",\"urlTemplate\":\"https:\/\/www.corroprotec.com\/fr\/?s={search_term_string}\"},\"query-input\":\"required name=search_term_string\"}],\"inLanguage\":\"fr-FR\"},{\"@type\":\"Organization\",\"@id\":\"https:\/\/www.corroprotec.com\/fr\/#organization\",\"name\":\"Corro-Protec\",\"url\":\"https:\/\/www.corroprotec.com\/fr\/\",\"sameAs\":[\"https:\/\/www.facebook.com\/corroprotec\/\",\"https:\/\/twitter.com\/corroprotec\"],\"logo\":{\"@type\":\"ImageObject\",\"inLanguage\":\"fr-FR\",\"@id\":\"https:\/\/www.corroprotec.com\/fr\/#\/schema\/logo\/image\/\",\"url\":\"https:\/\/www.corroprotec.com\/app\/uploads\/2024\/03\/logo-corro-v-blanc-fond-vert-rgb.png\",\"contentUrl\":\"https:\/\/www.corroprotec.com\/app\/uploads\/2024\/03\/logo-corro-v-blanc-fond-vert-rgb.png\",\"width\":2000,\"height\":1244,\"caption\":\"Corro-Protec\"},\"image\":{\"@id\":\"https:\/\/www.corroprotec.com\/fr\/#\/schema\/logo\/image\/\"}}]}<\/script>\n<!-- \/ Yoast SEO Premium plugin. -->","yoast_head_json":{"title":"Termes & conditions: Gagnez une anode \u00e0 courant impos\u00e9 ou une carte cadeau Amazon ! - Corro-Protec","robots":{"index":"index","follow":"follow","max-snippet":"max-snippet:-1","max-image-preview":"max-image-preview:large","max-video-preview":"max-video-preview:-1"},"canonical":"https:\/\/www.corroprotec.com\/fr\/formation-termes-conditions-concours\/","og_locale":"fr_FR","og_type":"article","og_title":"Termes & conditions: Gagnez une anode \u00e0 courant impos\u00e9 ou une carte cadeau Amazon !","og_description":"1. Admissibilit\u00e9 Ce concours est ouvert aux r\u00e9sidents l\u00e9gaux du Canada et des \u00c9tats-Unis \u00e2g\u00e9s de 18 ans ou plus au moment de leur participation. [&hellip;]","og_url":"https:\/\/www.corroprotec.com\/fr\/formation-termes-conditions-concours\/","og_site_name":"Corro-Protec","article_publisher":"https:\/\/www.facebook.com\/corroprotec\/","article_modified_time":"2026-04-01T13:50:00+00:00","og_image":[{"width":1200,"height":630,"url":"https:\/\/www.corroprotec.com\/app\/uploads\/2022\/09\/og-en-min.jpg","type":"image\/jpeg"}],"twitter_card":"summary_large_image","twitter_site":"@corroprotec","twitter_misc":{"Est. reading time":"2 minutes"},"schema":{"@context":"https:\/\/schema.org","@graph":[{"@type":"WebPage","@id":"https:\/\/www.corroprotec.com\/fr\/formation-termes-conditions-concours\/","url":"https:\/\/www.corroprotec.com\/fr\/formation-termes-conditions-concours\/","name":"Termes & conditions: Gagnez une anode \u00e0 courant impos\u00e9 ou une carte cadeau Amazon ! - Corro-Protec","isPartOf":{"@id":"https:\/\/www.corroprotec.com\/fr\/#website"},"datePublished":"2025-10-08T13:12:46+00:00","dateModified":"2026-04-01T13:50:00+00:00","breadcrumb":{"@id":"https:\/\/www.corroprotec.com\/fr\/formation-termes-conditions-concours\/#breadcrumb"},"inLanguage":"fr-FR","potentialAction":[{"@type":"ReadAction","target":["https:\/\/www.corroprotec.com\/fr\/formation-termes-conditions-concours\/"]}]},{"@type":"BreadcrumbList","@id":"https:\/\/www.corroprotec.com\/fr\/formation-termes-conditions-concours\/#breadcrumb","itemListElement":[{"@type":"ListItem","position":1,"name":"Home","item":"https:\/\/www.corroprotec.com\/fr\/"},{"@type":"ListItem","position":2,"name":"Termes &#038; conditions: Gagnez une anode \u00e0 courant impos\u00e9 ou une carte cadeau Amazon !"}]},{"@type":"WebSite","@id":"https:\/\/www.corroprotec.com\/fr\/#website","url":"https:\/\/www.corroprotec.com\/fr\/","name":"Corro-Protec","description":"","publisher":{"@id":"https:\/\/www.corroprotec.com\/fr\/#organization"},"potentialAction":[{"@type":"SearchAction","target":{"@type":"EntryPoint","urlTemplate":"https:\/\/www.corroprotec.com\/fr\/?s={search_term_string}"},"query-input":"required name=search_term_string"}],"inLanguage":"fr-FR"},{"@type":"Organization","@id":"https:\/\/www.corroprotec.com\/fr\/#organization","name":"Corro-Protec","url":"https:\/\/www.corroprotec.com\/fr\/","sameAs":["https:\/\/www.facebook.com\/corroprotec\/","https:\/\/twitter.com\/corroprotec"],"logo":{"@type":"ImageObject","inLanguage":"fr-FR","@id":"https:\/\/www.corroprotec.com\/fr\/#\/schema\/logo\/image\/","url":"https:\/\/www.corroprotec.com\/app\/uploads\/2024\/03\/logo-corro-v-blanc-fond-vert-rgb.png","contentUrl":"https:\/\/www.corroprotec.com\/app\/uploads\/2024\/03\/logo-corro-v-blanc-fond-vert-rgb.png","width":2000,"height":1244,"caption":"Corro-Protec"},"image":{"@id":"https:\/\/www.corroprotec.com\/fr\/#\/schema\/logo\/image\/"}}]}},"_links":{"self":[{"href":"https:\/\/www.corroprotec.com\/fr\/wp-json\/wp\/v2\/pages\/43697","targetHints":{"allow":["GET"]}}],"collection":[{"href":"https:\/\/www.corroprotec.com\/fr\/wp-json\/wp\/v2\/pages"}],"about":[{"href":"https:\/\/www.corroprotec.com\/fr\/wp-json\/wp\/v2\/types\/page"}],"author":[{"embeddable":true,"href":"https:\/\/www.corroprotec.com\/fr\/wp-json\/wp\/v2\/users\/4"}],"replies":[{"embeddable":true,"href":"https:\/\/www.corroprotec.com\/fr\/wp-json\/wp\/v2\/comments?post=43697"}],"version-history":[{"count":7,"href":"https:\/\/www.corroprotec.com\/fr\/wp-json\/wp\/v2\/pages\/43697\/revisions"}],"predecessor-version":[{"id":54340,"href":"https:\/\/www.corroprotec.com\/fr\/wp-json\/wp\/v2\/pages\/43697\/revisions\/54340"}],"wp:attachment":[{"href":"https:\/\/www.corroprotec.com\/fr\/wp-json\/wp\/v2\/media?parent=43697"}],"curies":[{"name":"wp","href":"https:\/\/api.w.org\/{rel}","templated":true}]}}