{"id":43842,"date":"2025-10-08T11:15:47","date_gmt":"2025-10-08T15:15:47","guid":{"rendered":"https:\/\/www.corroprotec.com\/?page_id=43842"},"modified":"2026-03-31T15:09:15","modified_gmt":"2026-03-31T19:09:15","slug":"termes-conditions-concours-client","status":"publish","type":"page","link":"https:\/\/www.corroprotec.com\/fr\/termes-conditions-concours-client\/","title":{"rendered":"Termes &amp; conditions du concours : Gagnez 100$ en carte-cadeau Amazon"},"content":{"rendered":"<div class=\"o-container-text\">\n<div class=\"wp-block-columns\">\n<div class=\"wp-block-column\" style=\"flex-basis:66.66%\"><div class=\"o-container-text\">\n<h2 class=\"wp-block-heading\" id=\"h-1-admissibilite\">1. Admissibilit\u00e9<\/h2>\n<\/div>\n\n<div class=\"o-container-text\">\n<p>Ce concours est ouvert aux r\u00e9sidents l\u00e9gaux du Canada et des \u00c9tats-Unis \u00e2g\u00e9s de 18 ans ou plus au moment de l\u2019inscription. Les employ\u00e9s de Corro-Protec ainsi que les membres de leur famille imm\u00e9diate ou les personnes vivant sous le m\u00eame toit ne sont pas admissibles \u00e0 participer.<\/p>\n<\/div>\n\n<div class=\"o-container-text\">\n<h2 class=\"wp-block-heading\" id=\"h-2-comment-participer\">2. Comment participer<\/h2>\n<\/div>\n\n<div class=\"o-container-text\">\n<p>Pour participer, remplissez le formulaire de concours disponible sur [www.corroprotec.com\/concours-mensuel] pendant la p\u00e9riode du concours. Une seule participation par personne est autoris\u00e9e. Les inscriptions en double ou incompl\u00e8tes seront disqualifi\u00e9es.<\/p>\n<\/div>\n\n<div class=\"o-container-text\">\n<h2 class=\"wp-block-heading\" id=\"h-3-periode-du-concours\">3. P\u00e9riode du concours<\/h2>\n<\/div>\n\n<div class=\"o-container-text\">\n<p>Le concours commence le premier jour de chaque mois \u00e0 00 h 01 (heure de l\u2019Est) et se termine le dernier jour du mois \u00e0 23 h 59 (heure de l\u2019Est). Les inscriptions soumises apr\u00e8s la date limite ne seront pas prises en compte.<\/p>\n<\/div>\n\n<div class=\"o-container-text\">\n<h2 class=\"wp-block-heading\" id=\"h-4-prix\">4. Prix<\/h2>\n<\/div>\n\n<div class=\"o-container-text\">\n<p>Le gagnant recevra une (1) carte-cadeau Amazon d\u2019une valeur de 100 $ dans sa devise locale. Aucun remplacement ne sera permis, sauf par Corro-Protec, qui se r\u00e9serve le droit de substituer le prix par un autre de valeur \u00e9gale ou sup\u00e9rieure.<\/p>\n<\/div>\n\n<div class=\"o-container-text\">\n<h2 class=\"wp-block-heading\" id=\"h-5-selection-du-gagnant\">5. S\u00e9lection du gagnant<\/h2>\n<\/div>\n\n<div class=\"o-container-text\">\n<p>Le gagnant sera s\u00e9lectionn\u00e9 au hasard parmi toutes les inscriptions admissibles re\u00e7ues. Les participants ayant opt\u00e9 pour des chances suppl\u00e9mentaires de gagner auront plus de chances lors du tirage. Le tirage aura lieu un jour de semaine chaque mois. Le gagnant sera contact\u00e9 via les coordonn\u00e9es fournies lors de l\u2019inscription. Si le gagnant ne peut \u00eatre joint dans un d\u00e9lai de 48 heures ou ne r\u00e9pond pas dans ce d\u00e9lai, un nouveau gagnant sera s\u00e9lectionn\u00e9.<\/p>\n<\/div>\n\n<div class=\"o-container-text\">\n<h2 class=\"wp-block-heading\" id=\"h-6-conditions-generales\">6. Conditions g\u00e9n\u00e9rales<\/h2>\n<\/div>\n\n<div class=\"o-container-text\">\n<p>Corro-Protec se r\u00e9serve le droit d\u2019annuler, de suspendre ou de modifier le concours en cas de fraude, de d\u00e9faillance technique ou de tout autre facteur \u00e9chappant \u00e0 son contr\u00f4le raisonnable qui compromettrait l\u2019int\u00e9grit\u00e9 du concours.<\/p>\n<\/div>\n\n<div class=\"o-container-text\">\n<p>En participant, les participants acceptent ces modalit\u00e9s et conditions et consentent \u00e0 l\u2019utilisation de leur nom et image \u00e0 des fins promotionnelles sans compensation suppl\u00e9mentaire, sauf si interdit par la loi.<\/p>\n<\/div><\/div>\n\n\n\n<div class=\"wp-block-column\" style=\"flex-basis:33.33%\"><\/div>\n<\/div>\n<\/div>\n\n<div class=\"o-container-text\">\n<div class=\"wp-block-columns\">\n<div class=\"wp-block-column\" style=\"flex-basis:66.66%\"><div class=\"o-container-text\">\n<h2 class=\"wp-block-heading\" id=\"h-7-confidentialite\">7. Confidentialit\u00e9<\/h2>\n<\/div>\n\n<div class=\"o-container-text\">\n<p>Toute information personnelle recueillie sera utilis\u00e9e uniquement dans le cadre de l\u2019administration de ce concours et conform\u00e9ment \u00e0 la politique de confidentialit\u00e9 de Corro-Protec<\/p>\n<\/div>\n\n<div class=\"o-container-text\">\n<h2 class=\"wp-block-heading\" id=\"h-8-consentement-a-recevoir-des-communications-marketing\">8. Consentement \u00e0 recevoir des communications marketing <\/h2>\n<\/div>\n\n<div class=\"o-container-text\">\n<p>En soumettant ce formulaire, vous acceptez de recevoir des courriels marketing, des infolettres, des offres promotionnelles et d&rsquo;autres communications de la part de Corro-Protec. Vous pouvez retirer votre consentement en tout temps en cliquant sur le lien \u00ab se d\u00e9sabonner \u00bb dans nos courriels.<\/p>\n<\/div>\n\n<div class=\"o-container-text\">\n<h2 class=\"wp-block-heading\" id=\"h-9-limitation-de-responsabilite\">9. Limitation de responsabilit\u00e9<\/h2>\n<\/div>\n\n<div class=\"o-container-text\">\n<p>Corro-Protec ne pourra \u00eatre tenu responsable de tout dommage direct, indirect ou cons\u00e9cutif d\u00e9coulant de la participation \u00e0 ce concours ou de l\u2019acceptation ou l\u2019utilisation du prix.<\/p>\n<\/div>\n\n<div class=\"o-container-text\">\n<h2 class=\"wp-block-heading\" id=\"h-10-commanditaire\">10. Commanditaire<\/h2>\n<\/div>\n\n<div class=\"o-container-text\">\n<p>Ce concours est organis\u00e9 et commandit\u00e9 par :<br>Corro-Protec<br>40 Boulevard Industriel<br>Princeville, QC, Canada.<\/p>\n<\/div><\/div>\n\n\n\n<div class=\"wp-block-column\" style=\"flex-basis:33.33%\"><\/div>\n<\/div>\n<\/div>","protected":false},"excerpt":{"rendered":"<p>1. Admissibilit\u00e9 Ce concours est ouvert aux r\u00e9sidents l\u00e9gaux du Canada et des \u00c9tats-Unis \u00e2g\u00e9s de 18 ans ou plus au moment de l\u2019inscription. Les [&hellip;]<\/p>\n","protected":false},"author":4,"featured_media":0,"parent":0,"menu_order":0,"comment_status":"closed","ping_status":"closed","template":"","meta":{"_acf_changed":false,"_relevanssi_hide_post":"","_relevanssi_hide_content":"","_relevanssi_pin_for_all":"","_relevanssi_pin_keywords":"","_relevanssi_unpin_keywords":"","_relevanssi_related_keywords":"","_relevanssi_related_include_ids":"","_relevanssi_related_exclude_ids":"","_relevanssi_related_no_append":"","_relevanssi_related_not_related":"","_relevanssi_related_posts":"2639,2494,15080,8969,15097,13102","_relevanssi_noindex_reason":"","footnotes":""},"class_list":["post-43842","page","type-page","status-publish","hentry"],"acf":[],"yoast_head":"<!-- This site is optimized with the Yoast SEO Premium plugin v19.3 (Yoast SEO v19.7) - https:\/\/yoast.com\/wordpress\/plugins\/seo\/ -->\n<title>Termes &amp; conditions du concours : Gagnez 100$ en carte-cadeau Amazon - Corro-Protec<\/title>\n<meta name=\"robots\" content=\"index, follow, max-snippet:-1, max-image-preview:large, max-video-preview:-1\" \/>\n<link rel=\"canonical\" href=\"https:\/\/www.corroprotec.com\/fr\/termes-conditions-concours-client\/\" \/>\n<meta property=\"og:locale\" content=\"fr_FR\" \/>\n<meta property=\"og:type\" content=\"article\" \/>\n<meta property=\"og:title\" content=\"Termes &amp; conditions du concours : Gagnez 100$ en carte-cadeau Amazon\" \/>\n<meta property=\"og:description\" content=\"1. Admissibilit\u00e9 Ce concours est ouvert aux r\u00e9sidents l\u00e9gaux du Canada et des \u00c9tats-Unis \u00e2g\u00e9s de 18 ans ou plus au moment de l\u2019inscription. Les [&hellip;]\" \/>\n<meta property=\"og:url\" content=\"https:\/\/www.corroprotec.com\/fr\/termes-conditions-concours-client\/\" \/>\n<meta property=\"og:site_name\" content=\"Corro-Protec\" \/>\n<meta property=\"article:publisher\" content=\"https:\/\/www.facebook.com\/corroprotec\/\" \/>\n<meta property=\"article:modified_time\" content=\"2026-03-31T19:09:15+00:00\" \/>\n<meta property=\"og:image\" content=\"https:\/\/www.corroprotec.com\/app\/uploads\/2022\/09\/og-en-min.jpg\" \/>\n\t<meta property=\"og:image:width\" content=\"1200\" \/>\n\t<meta property=\"og:image:height\" content=\"630\" \/>\n\t<meta property=\"og:image:type\" content=\"image\/jpeg\" \/>\n<meta name=\"twitter:card\" content=\"summary_large_image\" \/>\n<meta name=\"twitter:site\" content=\"@corroprotec\" \/>\n<meta name=\"twitter:label1\" content=\"Est. reading time\" \/>\n\t<meta name=\"twitter:data1\" content=\"2 minutes\" \/>\n<script type=\"application\/ld+json\" class=\"yoast-schema-graph\">{\"@context\":\"https:\/\/schema.org\",\"@graph\":[{\"@type\":\"WebPage\",\"@id\":\"https:\/\/www.corroprotec.com\/fr\/termes-conditions-concours-client\/\",\"url\":\"https:\/\/www.corroprotec.com\/fr\/termes-conditions-concours-client\/\",\"name\":\"Termes &amp; conditions du concours : Gagnez 100$ en carte-cadeau Amazon - Corro-Protec\",\"isPartOf\":{\"@id\":\"https:\/\/www.corroprotec.com\/fr\/#website\"},\"datePublished\":\"2025-10-08T15:15:47+00:00\",\"dateModified\":\"2026-03-31T19:09:15+00:00\",\"breadcrumb\":{\"@id\":\"https:\/\/www.corroprotec.com\/fr\/termes-conditions-concours-client\/#breadcrumb\"},\"inLanguage\":\"fr-FR\",\"potentialAction\":[{\"@type\":\"ReadAction\",\"target\":[\"https:\/\/www.corroprotec.com\/fr\/termes-conditions-concours-client\/\"]}]},{\"@type\":\"BreadcrumbList\",\"@id\":\"https:\/\/www.corroprotec.com\/fr\/termes-conditions-concours-client\/#breadcrumb\",\"itemListElement\":[{\"@type\":\"ListItem\",\"position\":1,\"name\":\"Home\",\"item\":\"https:\/\/www.corroprotec.com\/fr\/\"},{\"@type\":\"ListItem\",\"position\":2,\"name\":\"Termes &amp; conditions du concours : Gagnez 100$ en carte-cadeau Amazon\"}]},{\"@type\":\"WebSite\",\"@id\":\"https:\/\/www.corroprotec.com\/fr\/#website\",\"url\":\"https:\/\/www.corroprotec.com\/fr\/\",\"name\":\"Corro-Protec\",\"description\":\"\",\"publisher\":{\"@id\":\"https:\/\/www.corroprotec.com\/fr\/#organization\"},\"potentialAction\":[{\"@type\":\"SearchAction\",\"target\":{\"@type\":\"EntryPoint\",\"urlTemplate\":\"https:\/\/www.corroprotec.com\/fr\/?s={search_term_string}\"},\"query-input\":\"required name=search_term_string\"}],\"inLanguage\":\"fr-FR\"},{\"@type\":\"Organization\",\"@id\":\"https:\/\/www.corroprotec.com\/fr\/#organization\",\"name\":\"Corro-Protec\",\"url\":\"https:\/\/www.corroprotec.com\/fr\/\",\"sameAs\":[\"https:\/\/www.facebook.com\/corroprotec\/\",\"https:\/\/twitter.com\/corroprotec\"],\"logo\":{\"@type\":\"ImageObject\",\"inLanguage\":\"fr-FR\",\"@id\":\"https:\/\/www.corroprotec.com\/fr\/#\/schema\/logo\/image\/\",\"url\":\"https:\/\/www.corroprotec.com\/app\/uploads\/2024\/03\/logo-corro-v-blanc-fond-vert-rgb.png\",\"contentUrl\":\"https:\/\/www.corroprotec.com\/app\/uploads\/2024\/03\/logo-corro-v-blanc-fond-vert-rgb.png\",\"width\":2000,\"height\":1244,\"caption\":\"Corro-Protec\"},\"image\":{\"@id\":\"https:\/\/www.corroprotec.com\/fr\/#\/schema\/logo\/image\/\"}}]}<\/script>\n<!-- \/ Yoast SEO Premium plugin. -->","yoast_head_json":{"title":"Termes &amp; conditions du concours : Gagnez 100$ en carte-cadeau Amazon - Corro-Protec","robots":{"index":"index","follow":"follow","max-snippet":"max-snippet:-1","max-image-preview":"max-image-preview:large","max-video-preview":"max-video-preview:-1"},"canonical":"https:\/\/www.corroprotec.com\/fr\/termes-conditions-concours-client\/","og_locale":"fr_FR","og_type":"article","og_title":"Termes &amp; conditions du concours : Gagnez 100$ en carte-cadeau Amazon","og_description":"1. Admissibilit\u00e9 Ce concours est ouvert aux r\u00e9sidents l\u00e9gaux du Canada et des \u00c9tats-Unis \u00e2g\u00e9s de 18 ans ou plus au moment de l\u2019inscription. Les [&hellip;]","og_url":"https:\/\/www.corroprotec.com\/fr\/termes-conditions-concours-client\/","og_site_name":"Corro-Protec","article_publisher":"https:\/\/www.facebook.com\/corroprotec\/","article_modified_time":"2026-03-31T19:09:15+00:00","og_image":[{"width":1200,"height":630,"url":"https:\/\/www.corroprotec.com\/app\/uploads\/2022\/09\/og-en-min.jpg","type":"image\/jpeg"}],"twitter_card":"summary_large_image","twitter_site":"@corroprotec","twitter_misc":{"Est. reading time":"2 minutes"},"schema":{"@context":"https:\/\/schema.org","@graph":[{"@type":"WebPage","@id":"https:\/\/www.corroprotec.com\/fr\/termes-conditions-concours-client\/","url":"https:\/\/www.corroprotec.com\/fr\/termes-conditions-concours-client\/","name":"Termes &amp; conditions du concours : Gagnez 100$ en carte-cadeau Amazon - Corro-Protec","isPartOf":{"@id":"https:\/\/www.corroprotec.com\/fr\/#website"},"datePublished":"2025-10-08T15:15:47+00:00","dateModified":"2026-03-31T19:09:15+00:00","breadcrumb":{"@id":"https:\/\/www.corroprotec.com\/fr\/termes-conditions-concours-client\/#breadcrumb"},"inLanguage":"fr-FR","potentialAction":[{"@type":"ReadAction","target":["https:\/\/www.corroprotec.com\/fr\/termes-conditions-concours-client\/"]}]},{"@type":"BreadcrumbList","@id":"https:\/\/www.corroprotec.com\/fr\/termes-conditions-concours-client\/#breadcrumb","itemListElement":[{"@type":"ListItem","position":1,"name":"Home","item":"https:\/\/www.corroprotec.com\/fr\/"},{"@type":"ListItem","position":2,"name":"Termes &amp; conditions du concours : Gagnez 100$ en carte-cadeau Amazon"}]},{"@type":"WebSite","@id":"https:\/\/www.corroprotec.com\/fr\/#website","url":"https:\/\/www.corroprotec.com\/fr\/","name":"Corro-Protec","description":"","publisher":{"@id":"https:\/\/www.corroprotec.com\/fr\/#organization"},"potentialAction":[{"@type":"SearchAction","target":{"@type":"EntryPoint","urlTemplate":"https:\/\/www.corroprotec.com\/fr\/?s={search_term_string}"},"query-input":"required name=search_term_string"}],"inLanguage":"fr-FR"},{"@type":"Organization","@id":"https:\/\/www.corroprotec.com\/fr\/#organization","name":"Corro-Protec","url":"https:\/\/www.corroprotec.com\/fr\/","sameAs":["https:\/\/www.facebook.com\/corroprotec\/","https:\/\/twitter.com\/corroprotec"],"logo":{"@type":"ImageObject","inLanguage":"fr-FR","@id":"https:\/\/www.corroprotec.com\/fr\/#\/schema\/logo\/image\/","url":"https:\/\/www.corroprotec.com\/app\/uploads\/2024\/03\/logo-corro-v-blanc-fond-vert-rgb.png","contentUrl":"https:\/\/www.corroprotec.com\/app\/uploads\/2024\/03\/logo-corro-v-blanc-fond-vert-rgb.png","width":2000,"height":1244,"caption":"Corro-Protec"},"image":{"@id":"https:\/\/www.corroprotec.com\/fr\/#\/schema\/logo\/image\/"}}]}},"_links":{"self":[{"href":"https:\/\/www.corroprotec.com\/fr\/wp-json\/wp\/v2\/pages\/43842","targetHints":{"allow":["GET"]}}],"collection":[{"href":"https:\/\/www.corroprotec.com\/fr\/wp-json\/wp\/v2\/pages"}],"about":[{"href":"https:\/\/www.corroprotec.com\/fr\/wp-json\/wp\/v2\/types\/page"}],"author":[{"embeddable":true,"href":"https:\/\/www.corroprotec.com\/fr\/wp-json\/wp\/v2\/users\/4"}],"replies":[{"embeddable":true,"href":"https:\/\/www.corroprotec.com\/fr\/wp-json\/wp\/v2\/comments?post=43842"}],"version-history":[{"count":9,"href":"https:\/\/www.corroprotec.com\/fr\/wp-json\/wp\/v2\/pages\/43842\/revisions"}],"predecessor-version":[{"id":54312,"href":"https:\/\/www.corroprotec.com\/fr\/wp-json\/wp\/v2\/pages\/43842\/revisions\/54312"}],"wp:attachment":[{"href":"https:\/\/www.corroprotec.com\/fr\/wp-json\/wp\/v2\/media?parent=43842"}],"curies":[{"name":"wp","href":"https:\/\/api.w.org\/{rel}","templated":true}]}}